{"id":14,"date":"2021-03-25T13:40:59","date_gmt":"2021-03-25T13:40:59","guid":{"rendered":"https:\/\/gc-kiel.de\/?page_id=14"},"modified":"2021-11-28T13:06:32","modified_gmt":"2021-11-28T13:06:32","slug":"gaeste-besucher","status":"publish","type":"page","link":"https:\/\/gc-kiel.de\/index.php\/gaeste-besucher\/","title":{"rendered":"G\u00e4ste"},"content":{"rendered":"<p>[vc_row full_width=&#8220;stretch_row&#8220; full_height=&#8220;yes&#8220; columns_placement=&#8220;stretch&#8220; content_placement=&#8220;top&#8220; parallax=&#8220;content-moving&#8220; parallax_image=&#8220;55&#8243;][vc_column width=&#8220;2\/3&#8243;][lab_heading title_tag=&#8220;H3&#8243; title=&#8220;Wundervolles Golf im gr\u00fcnen S\u00fcden Kiels&#8220; el_class=&#8220;dodulo-white-box-row-heading&#8220;][\/lab_heading][vc_row_inner equal_height=&#8220;yes&#8220; content_placement=&#8220;top&#8220; el_class=&#8220;dodulo-white-box-row-end&#8220;][vc_column_inner][vc_column_text]Saftige Wiesen, weitl\u00e4ufige W\u00e4lder, Tiere und Teiche der typischen Schleswig-Holsteinischen Knicklandschaft bilden den Rahmen des 1989 er\u00f6ffneten Golfplatzes des Kieler Golfclub Havighorst. In direkter Nachbarschaft eines Teiles des Klosterforstes ist er mit altem Baumbestand und seinen Greens einer der anspruchsvollsten und liebevoll gepflegten 18-Loch-Pl\u00e4tze Schleswig-Holsteins. Die Ausl\u00e4ufer der \u201eHolsteinischen Schweiz\u201c mit Ihren Endmor\u00e4nen-H\u00fcgeln und eine auf taktisches Spiel ausgerichtete Anlage des Platzes fordern das Spiel heraus und belohnen das Auge.<\/p>\n<p>Nur 7 Kilometer von der Kieler City entfernt ist nahe der B 404 gegen\u00fcber dem ADAC-\u00dcbungsplatz in mehr als 20 Jahren in liebevoller Arbeit mit der Natur eine Golfanlage entstanden, die in unserer dicht besiedelten Gegend eine einmalige Ausnahme darstellt. Golfer und die, die es werden wollen, finden hier alles vor, wovon das Herz tr\u00e4umt. Ruhe, Freundlichkeit und nat\u00fcrlich Golf verbinden sich mit dem Erleben einer wundervollen Landschaft.<\/p>\n<p><a href=\"https:\/\/gc-kiel.de\/wp-content\/uploads\/2021\/04\/Bahnen-Uebersicht.pdf\" target=\"_blank\" rel=\"noopener\"><strong>Eine \u00dcbersicht unserer Bahnen als PDF<\/strong><\/a>[\/vc_column_text][\/vc_column_inner][\/vc_row_inner][vc_empty_space][\/vc_column][vc_column width=&#8220;1\/3&#8243;][vc_wp_custommenu nav_menu=&#8220;8&#8243; el_class=&#8220;dodulo-golden-button&#8220;][vc_single_image image=&#8220;634&#8243; img_size=&#8220;full&#8220; onclick=&#8220;custom_link&#8220; img_link_target=&#8220;_blank&#8220; link=&#8220;https:\/\/goo.gl\/maps\/4pT7xzDhtV4Gyo9c7&#8243;][\/vc_column][\/vc_row]<\/p>\n","protected":false},"excerpt":{"rendered":"<p>[vc_row full_width=&#8220;stretch_row&#8220; full_height=&#8220;yes&#8220; columns_placement=&#8220;stretch&#8220; content_placement=&#8220;top&#8220; parallax=&#8220;content-moving&#8220; parallax_image=&#8220;55&#8243;][vc_column width=&#8220;2\/3&#8243;][lab_heading title_tag=&#8220;H3&#8243; title=&#8220;Wundervolles Golf im gr\u00fcnen S\u00fcden Kiels&#8220; el_class=&#8220;dodulo-white-box-row-heading&#8220;][\/lab_heading][vc_row_inner equal_height=&#8220;yes&#8220; content_placement=&#8220;top&#8220; el_class=&#8220;dodulo-white-box-row-end&#8220;][vc_column_inner][vc_column_text]Saftige Wiesen, weitl\u00e4ufige W\u00e4lder, Tiere und Teiche der typischen Schleswig-Holsteinischen Knicklandschaft bilden den Rahmen des 1989 er\u00f6ffneten Golfplatzes des Kieler Golfclub Havighorst. In direkter Nachbarschaft eines Teiles des Klosterforstes ist er mit altem Baumbestand und seinen Greens&hellip;<\/p>\n","protected":false},"author":1,"featured_media":0,"parent":0,"menu_order":0,"comment_status":"closed","ping_status":"closed","template":"","meta":[],"acf":[],"_links":{"self":[{"href":"https:\/\/gc-kiel.de\/index.php\/wp-json\/wp\/v2\/pages\/14"}],"collection":[{"href":"https:\/\/gc-kiel.de\/index.php\/wp-json\/wp\/v2\/pages"}],"about":[{"href":"https:\/\/gc-kiel.de\/index.php\/wp-json\/wp\/v2\/types\/page"}],"author":[{"embeddable":true,"href":"https:\/\/gc-kiel.de\/index.php\/wp-json\/wp\/v2\/users\/1"}],"replies":[{"embeddable":true,"href":"https:\/\/gc-kiel.de\/index.php\/wp-json\/wp\/v2\/comments?post=14"}],"version-history":[{"count":41,"href":"https:\/\/gc-kiel.de\/index.php\/wp-json\/wp\/v2\/pages\/14\/revisions"}],"predecessor-version":[{"id":893,"href":"https:\/\/gc-kiel.de\/index.php\/wp-json\/wp\/v2\/pages\/14\/revisions\/893"}],"wp:attachment":[{"href":"https:\/\/gc-kiel.de\/index.php\/wp-json\/wp\/v2\/media?parent=14"}],"curies":[{"name":"wp","href":"https:\/\/api.w.org\/{rel}","templated":true}]}}