{"id":166,"date":"2021-04-07T11:49:49","date_gmt":"2021-04-07T11:49:49","guid":{"rendered":"https:\/\/gc-kiel.de\/?page_id=166"},"modified":"2021-05-06T10:54:51","modified_gmt":"2021-05-06T10:54:51","slug":"impressum","status":"publish","type":"page","link":"https:\/\/gc-kiel.de\/index.php\/impressum\/","title":{"rendered":"Impressum"},"content":{"rendered":"<p>[vc_row full_width=&#8220;stretch_row&#8220; full_height=&#8220;yes&#8220; columns_placement=&#8220;stretch&#8220; content_placement=&#8220;top&#8220; parallax=&#8220;content-moving&#8220; parallax_image=&#8220;184&#8243;][vc_column][lab_heading title_tag=&#8220;H1&#8243; title=&#8220;Impressum&#8220; el_class=&#8220;dodulo-white-box-row-heading&#8220;][\/lab_heading][vc_row_inner el_class=&#8220;dodulo-white-box-row-end&#8220;][vc_column_inner width=&#8220;2\/3&#8243;][vc_column_text]Die in den Webseiten der Golfplatz Havighorst GmbH &amp; Co. KG enthaltenen Inhalte werden st\u00e4ndig mit Sorgfalt aktualisiert. Trotzdem kann keine Garantie f\u00fcr ihre Richtigkeit, ihre Aktualit\u00e4t oder ihre Vollst\u00e4ndigkeit gew\u00e4hrt werden. Eine Haftung f\u00fcr fehlerhafte Inhalte kann ebenfalls nicht \u00fcbernommen werden.<\/p>\n<p>Die Golfplatz Havighorst GmbH &amp; Co. KG \u00fcbernimmt keine Haftung f\u00fcr alle Verbindungen (&#8222;Links&#8220;), auf welche diese Website direkt oder indirekt verweist.<\/p>\n<p>Der Inhalt und die Struktur dieser Website sind urheberrechtlich gesch\u00fctzt. Dieser Schutz bezieht sich auch auf die auf dieser Website verwendeten Logos und Markenzeichen. Informationen, Bilder, Logos, Markenzeichen und andere Daten von den Webseiten der Golfplatz Havighorst GmbH &amp; Co. KG d\u00fcrfen nicht ohne vor schriftliche Zustimmung derselben weiterverwendet oder genutzt werden.<\/p>\n<p>Ein Verlinken fremder Webseiten mit dieser ist nur gestattet, wenn der Link auf die Homepage verweist und keine Rechte der Golfplatz Havighorst GmbH &amp; Co. KG verletzt werden. Ein direktes Verlinken auf einzelne Unterseiten ist nicht gestattet.<\/p>\n<p>Copyright \u00a92021 Golfplatz Havighorst GmbH &amp; Co. KG<\/p>\n<p>Alle Rechte vorbehalten.[\/vc_column_text][vc_column_text]<a href=\"https:\/\/gc-kiel.de\/index.php\/datenschutz\/\">Zur Datenschutzerkl\u00e4rung<\/a>[\/vc_column_text][\/vc_column_inner][vc_column_inner width=&#8220;1\/3&#8243;][vc_column_text]<strong>Kieler Golfclub<\/strong><br \/>\n<strong>Havighorst<\/strong><\/p>\n<p>24211 Honigsee \/ Havighorst<br \/>\nHavighorster Weg 20<\/p>\n<p>Tel.: 04302-96598-0<br \/>\nFax: 04302-96598-1<\/p>\n<p>Email: <a href=\"mailto:info@gc-kiel.de\">info@gc-kiel.de<\/a><\/p>\n<p>&nbsp;<\/p>\n<p>\u00d6ffnungszeiten in der Saison<\/p>\n<p><strong>B\u00fcro\/ProShop<\/strong><br \/>\nMo-So 9:00 bis 18:00 Uhr<\/p>\n<p><strong>Gastronomie<\/strong><br \/>\nMo-So ab 11.00 Uhr[\/vc_column_text][lab_vc_social_networks display_type=&#8220;icon-text&#8220; colored=&#8220;text&#8220;][\/vc_column_inner][\/vc_row_inner][vc_empty_space][\/vc_column][\/vc_row]<\/p>\n","protected":false},"excerpt":{"rendered":"<p>[vc_row full_width=&#8220;stretch_row&#8220; full_height=&#8220;yes&#8220; columns_placement=&#8220;stretch&#8220; content_placement=&#8220;top&#8220; parallax=&#8220;content-moving&#8220; parallax_image=&#8220;184&#8243;][vc_column][lab_heading title_tag=&#8220;H1&#8243; title=&#8220;Impressum&#8220; el_class=&#8220;dodulo-white-box-row-heading&#8220;][\/lab_heading][vc_row_inner el_class=&#8220;dodulo-white-box-row-end&#8220;][vc_column_inner width=&#8220;2\/3&#8243;][vc_column_text]Die in den Webseiten der Golfplatz Havighorst GmbH &amp; Co. KG enthaltenen Inhalte werden st\u00e4ndig mit Sorgfalt aktualisiert. Trotzdem kann keine Garantie f\u00fcr ihre Richtigkeit, ihre Aktualit\u00e4t oder ihre Vollst\u00e4ndigkeit gew\u00e4hrt werden. Eine Haftung f\u00fcr fehlerhafte Inhalte kann ebenfalls nicht \u00fcbernommen werden. Die Golfplatz&hellip;<\/p>\n","protected":false},"author":1,"featured_media":0,"parent":0,"menu_order":0,"comment_status":"closed","ping_status":"closed","template":"","meta":[],"acf":[],"_links":{"self":[{"href":"https:\/\/gc-kiel.de\/index.php\/wp-json\/wp\/v2\/pages\/166"}],"collection":[{"href":"https:\/\/gc-kiel.de\/index.php\/wp-json\/wp\/v2\/pages"}],"about":[{"href":"https:\/\/gc-kiel.de\/index.php\/wp-json\/wp\/v2\/types\/page"}],"author":[{"embeddable":true,"href":"https:\/\/gc-kiel.de\/index.php\/wp-json\/wp\/v2\/users\/1"}],"replies":[{"embeddable":true,"href":"https:\/\/gc-kiel.de\/index.php\/wp-json\/wp\/v2\/comments?post=166"}],"version-history":[{"count":6,"href":"https:\/\/gc-kiel.de\/index.php\/wp-json\/wp\/v2\/pages\/166\/revisions"}],"predecessor-version":[{"id":604,"href":"https:\/\/gc-kiel.de\/index.php\/wp-json\/wp\/v2\/pages\/166\/revisions\/604"}],"wp:attachment":[{"href":"https:\/\/gc-kiel.de\/index.php\/wp-json\/wp\/v2\/media?parent=166"}],"curies":[{"name":"wp","href":"https:\/\/api.w.org\/{rel}","templated":true}]}}