{"id":292,"date":"2021-04-26T09:32:13","date_gmt":"2021-04-26T09:32:13","guid":{"rendered":"https:\/\/gc-kiel.de\/?page_id=292"},"modified":"2024-03-14T12:07:33","modified_gmt":"2024-03-14T12:07:33","slug":"golf-lernen","status":"publish","type":"page","link":"https:\/\/gc-kiel.de\/index.php\/golf-lernen\/","title":{"rendered":"Golf lernen \/ Mitglied werden"},"content":{"rendered":"<p>[vc_row full_width=&#8220;stretch_row&#8220; full_height=&#8220;yes&#8220; columns_placement=&#8220;stretch&#8220; parallax=&#8220;content-moving&#8220; parallax_image=&#8220;79&#8243;][vc_column][lab_heading title_tag=&#8220;H3&#8243; title=&#8220;Golf lernen und Mitglied werden&#8220; el_class=&#8220;dodulo-white-box-row-heading&#8220;][\/lab_heading][vc_row_inner equal_height=&#8220;yes&#8220; content_placement=&#8220;top&#8220; el_class=&#8220;dodulo-white-box-row-end&#8220;][vc_column_inner width=&#8220;2\/3&#8243;][vc_column_text]F\u00fcr Golf-Interessierte ist der Kieler Golfclub Havighorst der ideale Ort, um mit dem Golfsport<br \/>\nin Kontakt zu kommen.<\/p>\n<p><strong>An ausgew\u00e4hlten Wochenendtagen von 12 bis 14 Uhr bieten wir Schnupperkurse an.<\/strong><br \/>\nEntspannt und in kleinen Gruppen kann hier unter Anleitung eines erfahrenen Golflehrers optimal kennengelernt und trainiert werden. Vor, w\u00e4hrend und nach dem Kurs haben die angehenden Golfer die M\u00f6glichkeit, alle Fragen \u00fcber den Club und unser sch\u00f6nes Rasenspiel zu stellen. F\u00fcr den Kurs kann sich unkompliziert telefonisch im Golfclub angemeldet werden.<\/p>\n<p><strong>F\u00fcr nur 19 Euro pro Person<\/strong> bekommen Sie alles gestellt, was Sie f\u00fcr dieses erste Golferlebnis brauchen.<br \/>\nMelden Sie sich gern auch zusammen mit Ihre Familie und\/oder Freunde an und erleben Sie, was den Reiz des Golfsports ausmacht.[\/vc_column_text][\/vc_column_inner][vc_column_inner width=&#8220;1\/3&#8243;][vc_column_text]<strong>Mitglied werden<\/strong> geht es bei uns ganz einfach.<\/p>\n<p>\u00dcber die Mitgliedschaftsm\u00f6glichkeiten informieren wir Sie sehr gern vor Ort.<\/p>\n<p>Dabei haben Sie die M\u00f6glichkeit sich den Club und den Platz anzuschauen und wir beantworten gern alle Ihre Fragen.<\/p>\n<p>Wir freuen uns auf Sie![\/vc_column_text][\/vc_column_inner][\/vc_row_inner][vc_empty_space][\/vc_column][\/vc_row]<\/p>\n","protected":false},"excerpt":{"rendered":"<p>[vc_row full_width=&#8220;stretch_row&#8220; full_height=&#8220;yes&#8220; columns_placement=&#8220;stretch&#8220; parallax=&#8220;content-moving&#8220; parallax_image=&#8220;79&#8243;][vc_column][lab_heading title_tag=&#8220;H3&#8243; title=&#8220;Golf lernen und Mitglied werden&#8220; el_class=&#8220;dodulo-white-box-row-heading&#8220;][\/lab_heading][vc_row_inner equal_height=&#8220;yes&#8220; content_placement=&#8220;top&#8220; el_class=&#8220;dodulo-white-box-row-end&#8220;][vc_column_inner width=&#8220;2\/3&#8243;][vc_column_text]F\u00fcr Golf-Interessierte ist der Kieler Golfclub Havighorst der ideale Ort, um mit dem Golfsport in Kontakt zu kommen. An ausgew\u00e4hlten Wochenendtagen von 12 bis 14 Uhr bieten wir Schnupperkurse an. Entspannt und in kleinen Gruppen kann hier unter Anleitung&hellip;<\/p>\n","protected":false},"author":1,"featured_media":0,"parent":0,"menu_order":0,"comment_status":"closed","ping_status":"closed","template":"","meta":[],"acf":[],"_links":{"self":[{"href":"https:\/\/gc-kiel.de\/index.php\/wp-json\/wp\/v2\/pages\/292"}],"collection":[{"href":"https:\/\/gc-kiel.de\/index.php\/wp-json\/wp\/v2\/pages"}],"about":[{"href":"https:\/\/gc-kiel.de\/index.php\/wp-json\/wp\/v2\/types\/page"}],"author":[{"embeddable":true,"href":"https:\/\/gc-kiel.de\/index.php\/wp-json\/wp\/v2\/users\/1"}],"replies":[{"embeddable":true,"href":"https:\/\/gc-kiel.de\/index.php\/wp-json\/wp\/v2\/comments?post=292"}],"version-history":[{"count":28,"href":"https:\/\/gc-kiel.de\/index.php\/wp-json\/wp\/v2\/pages\/292\/revisions"}],"predecessor-version":[{"id":908,"href":"https:\/\/gc-kiel.de\/index.php\/wp-json\/wp\/v2\/pages\/292\/revisions\/908"}],"wp:attachment":[{"href":"https:\/\/gc-kiel.de\/index.php\/wp-json\/wp\/v2\/media?parent=292"}],"curies":[{"name":"wp","href":"https:\/\/api.w.org\/{rel}","templated":true}]}}