{"id":332,"date":"2021-04-26T10:57:31","date_gmt":"2021-04-26T10:57:31","guid":{"rendered":"https:\/\/gc-kiel.de\/?page_id=332"},"modified":"2021-05-22T09:11:11","modified_gmt":"2021-05-22T09:11:11","slug":"uebungsmoeglichkeiten","status":"publish","type":"page","link":"https:\/\/gc-kiel.de\/index.php\/platz\/uebungsmoeglichkeiten\/","title":{"rendered":"\u00dcbungsm\u00f6glichkeiten"},"content":{"rendered":"<p>[vc_row full_width=&#8220;stretch_row&#8220; full_height=&#8220;yes&#8220; columns_placement=&#8220;stretch&#8220; content_placement=&#8220;top&#8220; parallax=&#8220;content-moving&#8220; parallax_image=&#8220;338&#8243;][vc_column width=&#8220;2\/3&#8243;][lab_heading title_tag=&#8220;H3&#8243; title=&#8220;\u00dcbungsm\u00f6glichkeiten&#8220; el_class=&#8220;dodulo-white-box-row-heading&#8220;][\/lab_heading][vc_row_inner equal_height=&#8220;yes&#8220; content_placement=&#8220;top&#8220; el_class=&#8220;dodulo-white-box-row-end&#8220;][vc_column_inner][vc_column_text]<strong>Driving-Range<\/strong><\/p>\n<p>Unsere mit vielen Grasabschlagpl\u00e4tzen ausgedehnte Driving-Range ist f\u00fcr das Training aller Schl\u00e4ge aus verschiedenen Grasl\u00e4ngen und auch Schr\u00e4glagen besonders geeignet. 4 \u00fcberdachte Abschlagpl\u00e4tzen mit Spiegeln zur Selbstkorrektur geben zudem die M\u00f6glichkeit, auch bei Regen und Wind Unterricht zu nehmen oder zu trainieren.<\/p>\n<p>Die Range ist \u00f6ffentlich und steht auch f\u00fcr Nicht -Mitglieder und Anf\u00e4nger frei von Range-Fee-Geb\u00fchren zur Verf\u00fcgung. Leihschl\u00e4ger, Wertmarken (Token) f\u00fcr den Bezug von Range-B\u00e4llen aus dem Automaten erhalten Sie im Sekretariat, in der Gastronomie und bei den Golflehrern.[\/vc_column_text][vc_gallery type=&#8220;image_grid&#8220; images=&#8220;338,738,284&#8243; onclick=&#8220;kalium_lightbox&#8220;][vc_column_text]<strong>Chippings-\/Puttingsgr\u00fcns<br \/>\n<\/strong><br \/>\nDie unterschiedlichen Putting-Gr\u00fcns und ein Ann\u00e4herungs-Gr\u00fcn zum \u00dcben von Pitch-, Chip- und Bunkerschl\u00e4gen geben unseren Mitgliedern\/Sch\u00fclern der Pros alle w\u00fcnschenswerten Trainings-M\u00f6glichkeiten f\u00fcr Ann\u00e4herungsschl\u00e4ge und alle Spielsituationen rund ums oder auf dem Gr\u00fcn.[\/vc_column_text][vc_gallery type=&#8220;image_grid&#8220; images=&#8220;331,688,686,687&#8243; onclick=&#8220;kalium_lightbox&#8220;][vc_column_text]<strong>Indoor-\u00dcbungsanlagen<br \/>\n<\/strong><br \/>\nDem wetter- und temperaturunabh\u00e4ngigen Indoortraining dient im Clubhaus eine Indoor-Golfanlage mit Abschlag-Box, \u00dcbungs-Bunker und Putting-Gr\u00fcn. Im Winter kommen Abschlagpl\u00e4tze in der gro\u00dfen oberen Halle dazu.[\/vc_column_text][vc_gallery type=&#8220;image_grid&#8220; images=&#8220;340,681,680,679,678&#8243; onclick=&#8220;kalium_lightbox&#8220;][\/vc_column_inner][\/vc_row_inner][vc_row_inner][vc_column_inner][vc_empty_space][\/vc_column_inner][\/vc_row_inner][\/vc_column][vc_column width=&#8220;1\/3&#8243; el_class=&#8220;dodulo-white-box&#8220;][vc_wp_custommenu nav_menu=&#8220;6&#8243; el_class=&#8220;dodulo-golden-button&#8220;][\/vc_column][\/vc_row]<\/p>\n","protected":false},"excerpt":{"rendered":"<p>[vc_row full_width=&#8220;stretch_row&#8220; full_height=&#8220;yes&#8220; columns_placement=&#8220;stretch&#8220; content_placement=&#8220;top&#8220; parallax=&#8220;content-moving&#8220; parallax_image=&#8220;338&#8243;][vc_column width=&#8220;2\/3&#8243;][lab_heading title_tag=&#8220;H3&#8243; title=&#8220;\u00dcbungsm\u00f6glichkeiten&#8220; el_class=&#8220;dodulo-white-box-row-heading&#8220;][\/lab_heading][vc_row_inner equal_height=&#8220;yes&#8220; content_placement=&#8220;top&#8220; el_class=&#8220;dodulo-white-box-row-end&#8220;][vc_column_inner][vc_column_text]Driving-Range Unsere mit vielen Grasabschlagpl\u00e4tzen ausgedehnte Driving-Range ist f\u00fcr das Training aller Schl\u00e4ge aus verschiedenen Grasl\u00e4ngen und auch Schr\u00e4glagen besonders geeignet. 4 \u00fcberdachte Abschlagpl\u00e4tzen mit Spiegeln zur Selbstkorrektur geben zudem die M\u00f6glichkeit, auch bei Regen und Wind Unterricht zu nehmen oder zu&hellip;<\/p>\n","protected":false},"author":1,"featured_media":0,"parent":6,"menu_order":0,"comment_status":"closed","ping_status":"closed","template":"","meta":[],"acf":[],"_links":{"self":[{"href":"https:\/\/gc-kiel.de\/index.php\/wp-json\/wp\/v2\/pages\/332"}],"collection":[{"href":"https:\/\/gc-kiel.de\/index.php\/wp-json\/wp\/v2\/pages"}],"about":[{"href":"https:\/\/gc-kiel.de\/index.php\/wp-json\/wp\/v2\/types\/page"}],"author":[{"embeddable":true,"href":"https:\/\/gc-kiel.de\/index.php\/wp-json\/wp\/v2\/users\/1"}],"replies":[{"embeddable":true,"href":"https:\/\/gc-kiel.de\/index.php\/wp-json\/wp\/v2\/comments?post=332"}],"version-history":[{"count":17,"href":"https:\/\/gc-kiel.de\/index.php\/wp-json\/wp\/v2\/pages\/332\/revisions"}],"predecessor-version":[{"id":740,"href":"https:\/\/gc-kiel.de\/index.php\/wp-json\/wp\/v2\/pages\/332\/revisions\/740"}],"up":[{"embeddable":true,"href":"https:\/\/gc-kiel.de\/index.php\/wp-json\/wp\/v2\/pages\/6"}],"wp:attachment":[{"href":"https:\/\/gc-kiel.de\/index.php\/wp-json\/wp\/v2\/media?parent=332"}],"curies":[{"name":"wp","href":"https:\/\/api.w.org\/{rel}","templated":true}]}}