{"id":35,"date":"2021-03-25T15:40:36","date_gmt":"2021-03-25T15:40:36","guid":{"rendered":"https:\/\/gc-kiel.de\/?page_id=35"},"modified":"2024-05-30T10:24:21","modified_gmt":"2024-05-30T10:24:21","slug":"startseite","status":"publish","type":"page","link":"https:\/\/gc-kiel.de\/","title":{"rendered":"Startseite"},"content":{"rendered":"<p>[vc_row full_width=&#8220;stretch_row&#8220; full_height=&#8220;yes&#8220; columns_placement=&#8220;stretch&#8220; equal_height=&#8220;yes&#8220; content_placement=&#8220;top&#8220; parallax=&#8220;content-moving&#8220; parallax_image=&#8220;746&#8243;][vc_column width=&#8220;2\/3&#8243;][lab_heading title_tag=&#8220;H1&#8243; title=&#8220;Wundervolles Golf im gr\u00fcnen S\u00fcden Kiels&#8220; el_class=&#8220;dodulo-white-box-row-heading&#8220;][\/lab_heading][vc_row_inner el_class=&#8220;dodulo-white-box-row-start&#8220;][vc_column_inner width=&#8220;1\/2&#8243;][vc_single_image image=&#8220;739&#8243; img_size=&#8220;500&#215;500&#8243; alignment=&#8220;center&#8220; onclick=&#8220;kalium_lightbox&#8220; css=&#8220;.vc_custom_1621674753970{background-position: center !important;background-repeat: no-repeat !important;background-size: cover !important;}&#8220;][vc_custom_heading text=&#8220;Vorbeikommen, ausprobieren, Spa\u00df haben&#8220; font_container=&#8220;tag:h3|text_align:left|color:%23ffe600&#8243; use_theme_fonts=&#8220;yes&#8220; css=&#8220;.vc_custom_1620297640334{padding-top: 10px !important;padding-right: 10px !important;padding-bottom: 10px !important;padding-left: 10px !important;background-color: #055f21 !important;border-radius: 5px !important;}&#8220;][vc_column_text]F\u00fcr Golf-Interessierte ist der Kieler Golfclub Havighorst der ideale Ort um mit dem Golfsport\u00a0 in Kontakt zu kommen.<\/p>\n<p><strong>An ausgew\u00e4hlten Samstagen von 12 bis 14 Uhr bieten wir einen Schnupperkurs an<\/strong>. Entspannt und in kleinen Gruppen kann hier unter Anleitung eines erfahrenen Golflehrers optimal kennengelernt und trainiert werden. Vor, w\u00e4hrend und nach dem Kurs haben die angehenden Golfer die M\u00f6glichkeit, alle Fragen \u00fcber den Club und unser sch\u00f6nes Rasenspiel zu stellen.<br \/>\nF\u00fcr den Kurs kann sich unkompliziert telefonisch im Golfclub angemeldet werden.<\/p>\n<p><strong>F\u00fcr nur 19 Euro pro Person<\/strong> bekommen Sie alles gestellt, was Sie f\u00fcr dieses erste Golferlebnis brauchen.<\/p>\n<p>Melden Sie sich gern auch zusammen mit Ihrer Familie und\/oder Freunde an und erleben Sie, was den Reiz des Golfsports ausmacht.[\/vc_column_text][\/vc_column_inner][vc_column_inner width=&#8220;1\/2&#8243;][vc_single_image image=&#8220;79&#8243; img_size=&#8220;500&#215;500&#8243; alignment=&#8220;center&#8220; onclick=&#8220;kalium_lightbox&#8220; css=&#8220;.vc_custom_1618226901778{background-position: center !important;background-repeat: no-repeat !important;background-size: cover !important;}&#8220;][vc_custom_heading text=&#8220;Golfen ohne Startzeiten&#8220; font_container=&#8220;tag:h3|text_align:left|color:%23ffe600&#8243; use_theme_fonts=&#8220;yes&#8220; css=&#8220;.vc_custom_1620297599324{padding-top: 10px !important;padding-right: 10px !important;padding-bottom: 10px !important;padding-left: 10px !important;background-color: #055f21 !important;border-radius: 5px !important;}&#8220;][vc_column_text]Ohne feste Startzeiten, ohne Gedr\u00e4nge, ohne Hetze k\u00f6nnen Mitglieder im Kieler Golfclub Havighorst Golf spielen. Spontan und entspannt gehen sie \u00a0auf die Runde.<\/p>\n<p><strong>Auch f\u00fcr G\u00e4ste ist es m\u00f6glich, nach einem Anruf kurzentschlossen\u00a0 eine 18 Loch-Golfrunde \u00a0zu spielen.<\/strong><\/p>\n<p>Einfacher und sch\u00f6ner geht es kaum.<\/p>\n<p>Bis bald in Havighorst!<\/p>\n<p>Wir freuen uns auf Sie![\/vc_column_text][\/vc_column_inner][\/vc_row_inner][vc_row_inner el_class=&#8220;dodulo-white-box-row-end&#8220;][vc_column_inner][vc_single_image image=&#8220;58&#8243; img_size=&#8220;full&#8220; onclick=&#8220;kalium_lightbox&#8220;][\/vc_column_inner][\/vc_row_inner][vc_row_inner][vc_column_inner][vc_empty_space][\/vc_column_inner][\/vc_row_inner][\/vc_column][vc_column width=&#8220;1\/3&#8243; el_class=&#8220;dodulo-white-box&#8220;][vc_row_inner disable_element=&#8220;yes&#8220;][vc_column_inner el_class=&#8220;dodulo-items-in-one-line&#8220;][vc_single_image image=&#8220;392&#8243; img_size=&#8220;50&#215;50&#8243; onclick=&#8220;custom_link&#8220; link=&#8220;https:\/\/gc-kiel.de\/index.php\/danisch\/&#8220;][vc_single_image image=&#8220;430&#8243; img_size=&#8220;50&#215;50&#8243; onclick=&#8220;custom_link&#8220; link=&#8220;#&#8220;][\/vc_column_inner][\/vc_row_inner][vc_wp_custommenu nav_menu=&#8220;4&#8243; el_class=&#8220;dodulo-golden-button&#8220;][vc_column_text]<strong>Kieler Golfclub<\/strong><br \/>\n<strong>Havighorst<\/strong><\/p>\n<p>24211 Honigsee \/ Havighorst<br \/>\nHavighorster Weg 20<\/p>\n<p>Tel.: <a href=\"tel:00494302965980\" target=\"_blank\" rel=\"noopener\">04302-96598-0<\/a><\/p>\n<p>Email: <a href=\"mailto:info@gc-kiel.de\">info@gc-kiel.de<\/a><\/p>\n<p>&nbsp;<\/p>\n<p>\u00d6ffnungszeiten in der Saison<\/p>\n<p><strong>B\u00fcro\/ProShop<\/strong><br \/>\nMo-So 9:00 bis 18:00 Uhr<\/p>\n<p><strong>Gastronomie<\/strong><br \/>\nDi-So je nach Wetterlage[\/vc_column_text][vc_single_image image=&#8220;634&#8243; img_size=&#8220;full&#8220; onclick=&#8220;custom_link&#8220; img_link_target=&#8220;_blank&#8220; link=&#8220;https:\/\/goo.gl\/maps\/4pT7xzDhtV4Gyo9c7&#8243;][vc_row_inner css=&#8220;.vc_custom_1620301978594{padding-right: 0px !important;padding-left: 0px !important;}&#8220;][vc_column_inner el_class=&#8220;simple-hg-red&#8220;][lab_heading title_tag=&#8220;H4&#8243; title=&#8220;Aktuelles auch auf Facebook und Instagram&#8220;][\/lab_heading][lab_vc_social_networks display_type=&#8220;rounded-icons&#8220; colored=&#8220;text&#8220; css=&#8220;.vc_custom_1619709314622{padding-top: 0px !important;padding-right: 0px !important;padding-bottom: 0px !important;padding-left: 0px !important;}&#8220;][\/vc_column_inner][\/vc_row_inner][\/vc_column][\/vc_row]<\/p>\n","protected":false},"excerpt":{"rendered":"<p>[vc_row full_width=&#8220;stretch_row&#8220; full_height=&#8220;yes&#8220; columns_placement=&#8220;stretch&#8220; equal_height=&#8220;yes&#8220; content_placement=&#8220;top&#8220; parallax=&#8220;content-moving&#8220; parallax_image=&#8220;746&#8243;][vc_column width=&#8220;2\/3&#8243;][lab_heading title_tag=&#8220;H1&#8243; title=&#8220;Wundervolles Golf im gr\u00fcnen S\u00fcden Kiels&#8220; el_class=&#8220;dodulo-white-box-row-heading&#8220;][\/lab_heading][vc_row_inner el_class=&#8220;dodulo-white-box-row-start&#8220;][vc_column_inner width=&#8220;1\/2&#8243;][vc_single_image image=&#8220;739&#8243; img_size=&#8220;500&#215;500&#8243; alignment=&#8220;center&#8220; onclick=&#8220;kalium_lightbox&#8220; css=&#8220;.vc_custom_1621674753970{background-position: center !important;background-repeat: no-repeat !important;background-size: cover !important;}&#8220;][vc_custom_heading text=&#8220;Vorbeikommen, ausprobieren, Spa\u00df haben&#8220; font_container=&#8220;tag:h3|text_align:left|color:%23ffe600&#8243; use_theme_fonts=&#8220;yes&#8220; css=&#8220;.vc_custom_1620297640334{padding-top: 10px !important;padding-right: 10px !important;padding-bottom: 10px !important;padding-left: 10px !important;background-color: #055f21 !important;border-radius: 5px !important;}&#8220;][vc_column_text]F\u00fcr Golf-Interessierte ist der Kieler Golfclub Havighorst&hellip;<\/p>\n","protected":false},"author":1,"featured_media":0,"parent":0,"menu_order":0,"comment_status":"closed","ping_status":"closed","template":"","meta":[],"acf":[],"_links":{"self":[{"href":"https:\/\/gc-kiel.de\/index.php\/wp-json\/wp\/v2\/pages\/35"}],"collection":[{"href":"https:\/\/gc-kiel.de\/index.php\/wp-json\/wp\/v2\/pages"}],"about":[{"href":"https:\/\/gc-kiel.de\/index.php\/wp-json\/wp\/v2\/types\/page"}],"author":[{"embeddable":true,"href":"https:\/\/gc-kiel.de\/index.php\/wp-json\/wp\/v2\/users\/1"}],"replies":[{"embeddable":true,"href":"https:\/\/gc-kiel.de\/index.php\/wp-json\/wp\/v2\/comments?post=35"}],"version-history":[{"count":175,"href":"https:\/\/gc-kiel.de\/index.php\/wp-json\/wp\/v2\/pages\/35\/revisions"}],"predecessor-version":[{"id":911,"href":"https:\/\/gc-kiel.de\/index.php\/wp-json\/wp\/v2\/pages\/35\/revisions\/911"}],"wp:attachment":[{"href":"https:\/\/gc-kiel.de\/index.php\/wp-json\/wp\/v2\/media?parent=35"}],"curies":[{"name":"wp","href":"https:\/\/api.w.org\/{rel}","templated":true}]}}