{"id":506,"date":"2021-05-05T10:05:36","date_gmt":"2021-05-05T10:05:36","guid":{"rendered":"https:\/\/gc-kiel.de\/?page_id=506"},"modified":"2023-03-02T09:49:58","modified_gmt":"2023-03-02T09:49:58","slug":"jugendteam","status":"publish","type":"page","link":"https:\/\/gc-kiel.de\/index.php\/teams-und-meister\/jugendteam\/","title":{"rendered":"Jugendteam"},"content":{"rendered":"<p>[vc_row full_width=&#8220;stretch_row&#8220; full_height=&#8220;yes&#8220; columns_placement=&#8220;stretch&#8220; content_placement=&#8220;top&#8220; parallax=&#8220;content-moving&#8220; parallax_image=&#8220;55&#8243;][vc_column width=&#8220;3\/4&#8243;][lab_heading title_tag=&#8220;H3&#8243; title=&#8220;Jugendteam&#8220; el_class=&#8220;dodulo-white-box-row-heading&#8220;][\/lab_heading][vc_row_inner equal_height=&#8220;yes&#8220; content_placement=&#8220;top&#8220; el_class=&#8220;dodulo-white-box-row-end&#8220;][vc_column_inner][vc_custom_heading text=&#8220;Jugendarbeit im Kieler Golfclub Havighorst&#8220; font_container=&#8220;tag:h3|text_align:left&#8220; use_theme_fonts=&#8220;yes&#8220; el_class=&#8220;no-padding&#8220;][vc_column_text]<em><img loading=\"lazy\" class=\"size-medium wp-image-482 alignright\" src=\"https:\/\/gc-kiel.de\/wp-content\/uploads\/2021\/05\/Jugendlogo-neu-300x300.jpg\" alt=\"\" width=\"300\" height=\"300\" srcset=\"https:\/\/gc-kiel.de\/wp-content\/uploads\/2021\/05\/Jugendlogo-neu-300x300.jpg 300w, https:\/\/gc-kiel.de\/wp-content\/uploads\/2021\/05\/Jugendlogo-neu-1024x1024.jpg 1024w, https:\/\/gc-kiel.de\/wp-content\/uploads\/2021\/05\/Jugendlogo-neu-150x150.jpg 150w, https:\/\/gc-kiel.de\/wp-content\/uploads\/2021\/05\/Jugendlogo-neu-768x768.jpg 768w, https:\/\/gc-kiel.de\/wp-content\/uploads\/2021\/05\/Jugendlogo-neu-468x468.jpg 468w, https:\/\/gc-kiel.de\/wp-content\/uploads\/2021\/05\/Jugendlogo-neu-1116x1116.jpg 1116w, https:\/\/gc-kiel.de\/wp-content\/uploads\/2021\/05\/Jugendlogo-neu-806x806.jpg 806w, https:\/\/gc-kiel.de\/wp-content\/uploads\/2021\/05\/Jugendlogo-neu-558x558.jpg 558w, https:\/\/gc-kiel.de\/wp-content\/uploads\/2021\/05\/Jugendlogo-neu-655x655.jpg 655w, https:\/\/gc-kiel.de\/wp-content\/uploads\/2021\/05\/Jugendlogo-neu.jpg 1500w\" sizes=\"(max-width: 300px) 100vw, 300px\" \/>Sport, Spa\u00df, Freundschaft, Teamgeist, Golf!<\/em><\/p>\n<p>Die Kinder und Jugendlichen von heute sind unsere Zukunft, deswegen ist es wichtig sie zu unterst\u00fctzen sowie die M\u00f6glichkeit geben ihre Interessen zu wecken und nachzugehen. Dazu geh\u00f6rt Sport, auch Golf-Sport!<\/p>\n<p><strong>Aus diesem Grund bieten wir Kindern und Jugendlichen im Alter von 6 &#8211; 18 Jahren die M\u00f6glichkeit, den Golfsport durch intensives Training kennen zu lernen.<\/strong><\/p>\n<p>Das Training findet in jedem Jahr von April bis Oktober statt. Die Kinder und Jugendlichen werden nach Alter und Spielst\u00e4rke in verschiedene Gruppen eingeteilt, die von Golf-Professional , sowie C-Trainern betreut werden.<\/p>\n<p>Unterst\u00fctzt werden die Trainer von einer Reihe engagierter Clubmitglieder, die Spa\u00df an der Arbeit mit Kindern und Jugendlichen haben.<\/p>\n<p><strong>Das Training findet donnerstags, au\u00dferhalb der Ferien, ab 16:30 Uhr statt.<\/strong><\/p>\n<p>Interessierte Kinder und Jugendliche k\u00f6nnen bis zu zwei Mal am Jugendtraining teilnehmen und so unverbindlich schnuppern. Es besteht die M\u00f6glichkeit Golf-Schl\u00e4ger auszuleihen.<\/p>\n<p>Neben dem Training bieten wir in jedem Jahr nur f\u00fcr Kinder und Jugendliche ausgeschriebene Jugend-Turniere an. Selbstverst\u00e4ndlich k\u00f6nnen und sollen die Kinder und Jugendlichen soweit sie die Platzreife besitzen &#8211; an allen anderen Turnieren des Clubs teilnehmen.<\/p>\n<p>Wir freuen uns auf Kinder und Jugendliche in unserem Club. Mitgliedschaften sind f\u00fcr einen sehr geringen Mitgliedsbeitrag m\u00f6glich.<\/p>\n<p><strong>Weitere Informationen erhalten Sie im Sekretariat.<\/strong>[\/vc_column_text][\/vc_column_inner][\/vc_row_inner][vc_row_inner][vc_column_inner][vc_empty_space][\/vc_column_inner][\/vc_row_inner][\/vc_column][vc_column width=&#8220;1\/4&#8243; el_class=&#8220;dodulo-white-box&#8220;][vc_wp_custommenu nav_menu=&#8220;7&#8243; el_class=&#8220;dodulo-golden-button&#8220;][\/vc_column][\/vc_row]<\/p>\n","protected":false},"excerpt":{"rendered":"<p>[vc_row full_width=&#8220;stretch_row&#8220; full_height=&#8220;yes&#8220; columns_placement=&#8220;stretch&#8220; content_placement=&#8220;top&#8220; parallax=&#8220;content-moving&#8220; parallax_image=&#8220;55&#8243;][vc_column width=&#8220;3\/4&#8243;][lab_heading title_tag=&#8220;H3&#8243; title=&#8220;Jugendteam&#8220; el_class=&#8220;dodulo-white-box-row-heading&#8220;][\/lab_heading][vc_row_inner equal_height=&#8220;yes&#8220; content_placement=&#8220;top&#8220; el_class=&#8220;dodulo-white-box-row-end&#8220;][vc_column_inner][vc_custom_heading text=&#8220;Jugendarbeit im Kieler Golfclub Havighorst&#8220; font_container=&#8220;tag:h3|text_align:left&#8220; use_theme_fonts=&#8220;yes&#8220; el_class=&#8220;no-padding&#8220;][vc_column_text]Sport, Spa\u00df, Freundschaft, Teamgeist, Golf! Die Kinder und Jugendlichen von heute sind unsere Zukunft, deswegen ist es wichtig sie zu unterst\u00fctzen sowie die M\u00f6glichkeit geben ihre Interessen zu wecken und nachzugehen. Dazu geh\u00f6rt Sport,&hellip;<\/p>\n","protected":false},"author":1,"featured_media":0,"parent":12,"menu_order":0,"comment_status":"closed","ping_status":"closed","template":"","meta":[],"acf":[],"_links":{"self":[{"href":"https:\/\/gc-kiel.de\/index.php\/wp-json\/wp\/v2\/pages\/506"}],"collection":[{"href":"https:\/\/gc-kiel.de\/index.php\/wp-json\/wp\/v2\/pages"}],"about":[{"href":"https:\/\/gc-kiel.de\/index.php\/wp-json\/wp\/v2\/types\/page"}],"author":[{"embeddable":true,"href":"https:\/\/gc-kiel.de\/index.php\/wp-json\/wp\/v2\/users\/1"}],"replies":[{"embeddable":true,"href":"https:\/\/gc-kiel.de\/index.php\/wp-json\/wp\/v2\/comments?post=506"}],"version-history":[{"count":19,"href":"https:\/\/gc-kiel.de\/index.php\/wp-json\/wp\/v2\/pages\/506\/revisions"}],"predecessor-version":[{"id":898,"href":"https:\/\/gc-kiel.de\/index.php\/wp-json\/wp\/v2\/pages\/506\/revisions\/898"}],"up":[{"embeddable":true,"href":"https:\/\/gc-kiel.de\/index.php\/wp-json\/wp\/v2\/pages\/12"}],"wp:attachment":[{"href":"https:\/\/gc-kiel.de\/index.php\/wp-json\/wp\/v2\/media?parent=506"}],"curies":[{"name":"wp","href":"https:\/\/api.w.org\/{rel}","templated":true}]}}