{"id":8,"date":"2021-03-25T13:39:04","date_gmt":"2021-03-25T13:39:04","guid":{"rendered":"https:\/\/gc-kiel.de\/?page_id=8"},"modified":"2021-05-21T07:12:27","modified_gmt":"2021-05-21T07:12:27","slug":"clubhaus-und-gastronomie","status":"publish","type":"page","link":"https:\/\/gc-kiel.de\/index.php\/clubhaus-und-gastronomie\/","title":{"rendered":"Clubhaus und Gastronomie"},"content":{"rendered":"<p>[vc_row full_width=&#8220;stretch_row&#8220; full_height=&#8220;yes&#8220; columns_placement=&#8220;stretch&#8220; content_placement=&#8220;top&#8220; parallax=&#8220;content-moving&#8220; parallax_image=&#8220;265&#8243;][vc_column][lab_heading title_tag=&#8220;H1&#8243; title=&#8220;Clubhaus \/ Gastronomie&#8220; el_class=&#8220;dodulo-white-box-row-heading&#8220;][\/lab_heading][vc_row_inner equal_height=&#8220;yes&#8220; el_class=&#8220;dodulo-white-box-row-end&#8220;][vc_column_inner width=&#8220;1\/2&#8243;][vc_column_text]<strong>Clubhaus<br \/>\n<\/strong><br \/>\nClubhaus- Erbaut 1913 als Kuhstall und Scheune in stabiler Holz-Fachwerktechnik bietet unser Clubhaus gro\u00dfz\u00fcgige R\u00e4ume mit gem\u00fctlicher Atmosph\u00e4re.[\/vc_column_text][vc_gallery type=&#8220;image_grid&#8220; images=&#8220;265,254,184&#8243; onclick=&#8220;kalium_lightbox&#8220;][vc_empty_space][vc_column_text]<strong>Sekretariat\/ProShop<br \/>\n<\/strong><br \/>\nUnser Sekretariat mit ProShop finden Sie direkt im Eingangsbereich des Clubhauses. Hier erhalten Sie alle Informationen rund um den Golfsport sowie unseren Club, k\u00f6nnen sich anmelden und erhalten bei Bedarf das Wichtigste f\u00fcr Ihr Golfspiel.<\/p>\n<p>Die \u00d6ffnungszeiten sind in der Saison t\u00e4glich jeweils von 09 bis 18 Uhr.<br \/>\n<a href=\"tel:04302\/965980\">Tel. : 04302\/965980<\/a><br \/>\n<a href=\"mailto:info@gc-kiel.de\">info@gc-kiel.de<\/a><br \/>\n[\/vc_column_text][vc_gallery type=&#8220;image_grid&#8220; images=&#8220;674,675&#8243; onclick=&#8220;kalium_lightbox&#8220; css=&#8220;.vc_custom_1621410058156{background-position: center !important;background-repeat: no-repeat !important;background-size: contain !important;}&#8220;][\/vc_column_inner][vc_column_inner width=&#8220;1\/2&#8243;][vc_column_text]<strong>Gastronomie<br \/>\n<\/strong><\/p>\n<p>Unser Bistro Habichnest bietet Kleinigkeiten f\u00fcr den Hunger und eine gro\u00dfe Auswahl an Getr\u00e4nken f\u00fcr den Durst nach oder vor der Runde. Auch nicht golfende G\u00e4ste sind uns nat\u00fcrlich herzlich willkommen, die \u00d6ffnungszeiten richten sich nach Jahreszeit und Wetter.[\/vc_column_text][vc_gallery type=&#8220;image_grid&#8220; images=&#8220;261,668,671,670,669,666&#8243; onclick=&#8220;kalium_lightbox&#8220;][vc_empty_space][vc_column_text]<strong><br \/>\nIndoor-\u00dcbungsanlagen<\/strong><\/p>\n<p>Dem wetter- und temperaturunabh\u00e4ngigen Indoortraining dient im Clubhaus eine Indoor-Golfanlage mit Abschlag-Box, \u00dcbungs-Bunker und Putting-Gr\u00fcn. Im Winter kommen Abschlagpl\u00e4tze in der gro\u00dfen oberen Halle dazu.[\/vc_column_text][vc_gallery type=&#8220;image_grid&#8220; images=&#8220;682,681,680,679,678&#8243; onclick=&#8220;kalium_lightbox&#8220; css=&#8220;.vc_custom_1621410405231{background-position: center !important;background-repeat: no-repeat !important;background-size: contain !important;}&#8220;][\/vc_column_inner][\/vc_row_inner][vc_empty_space][\/vc_column][\/vc_row]<\/p>\n","protected":false},"excerpt":{"rendered":"<p>[vc_row full_width=&#8220;stretch_row&#8220; full_height=&#8220;yes&#8220; columns_placement=&#8220;stretch&#8220; content_placement=&#8220;top&#8220; parallax=&#8220;content-moving&#8220; parallax_image=&#8220;265&#8243;][vc_column][lab_heading title_tag=&#8220;H1&#8243; title=&#8220;Clubhaus \/ Gastronomie&#8220; el_class=&#8220;dodulo-white-box-row-heading&#8220;][\/lab_heading][vc_row_inner equal_height=&#8220;yes&#8220; el_class=&#8220;dodulo-white-box-row-end&#8220;][vc_column_inner width=&#8220;1\/2&#8243;][vc_column_text]Clubhaus Clubhaus- Erbaut 1913 als Kuhstall und Scheune in stabiler Holz-Fachwerktechnik bietet unser Clubhaus gro\u00dfz\u00fcgige R\u00e4ume mit gem\u00fctlicher Atmosph\u00e4re.[\/vc_column_text][vc_gallery type=&#8220;image_grid&#8220; images=&#8220;265,254,184&#8243; onclick=&#8220;kalium_lightbox&#8220;][vc_empty_space][vc_column_text]Sekretariat\/ProShop Unser Sekretariat mit ProShop finden Sie direkt im Eingangsbereich des Clubhauses. Hier erhalten Sie alle Informationen rund um den&hellip;<\/p>\n","protected":false},"author":1,"featured_media":0,"parent":0,"menu_order":0,"comment_status":"closed","ping_status":"closed","template":"","meta":[],"acf":[],"_links":{"self":[{"href":"https:\/\/gc-kiel.de\/index.php\/wp-json\/wp\/v2\/pages\/8"}],"collection":[{"href":"https:\/\/gc-kiel.de\/index.php\/wp-json\/wp\/v2\/pages"}],"about":[{"href":"https:\/\/gc-kiel.de\/index.php\/wp-json\/wp\/v2\/types\/page"}],"author":[{"embeddable":true,"href":"https:\/\/gc-kiel.de\/index.php\/wp-json\/wp\/v2\/users\/1"}],"replies":[{"embeddable":true,"href":"https:\/\/gc-kiel.de\/index.php\/wp-json\/wp\/v2\/comments?post=8"}],"version-history":[{"count":34,"href":"https:\/\/gc-kiel.de\/index.php\/wp-json\/wp\/v2\/pages\/8\/revisions"}],"predecessor-version":[{"id":697,"href":"https:\/\/gc-kiel.de\/index.php\/wp-json\/wp\/v2\/pages\/8\/revisions\/697"}],"wp:attachment":[{"href":"https:\/\/gc-kiel.de\/index.php\/wp-json\/wp\/v2\/media?parent=8"}],"curies":[{"name":"wp","href":"https:\/\/api.w.org\/{rel}","templated":true}]}}